{"id":331,"date":"2023-05-19T19:56:58","date_gmt":"2023-05-19T19:26:58","guid":{"rendered":"https:\/\/blaunt.ar\/?page_id=331"},"modified":"2024-04-04T13:12:12","modified_gmt":"2024-04-04T12:42:12","slug":"sea-usted-bienvenido","status":"publish","type":"page","link":"https:\/\/blaunt.ar\/index.php\/sea-usted-bienvenido\/","title":{"rendered":"Sergio by ChatGPT"},"content":{"rendered":"\n<div class=\"wp-block-group has-global-padding is-layout-constrained wp-block-group-is-layout-constrained\">\n<p class=\"has-custom-red-blaunt-color has-text-color has-link-color wp-elements-532be7b8945a2a76b42f107b115d5609\">YO<br>Hello! Can you assist me with a bio of myself?<\/p>\n\n\n\n<p>ChatGPT<br>Of course! I&#8217;d be happy to help you write a bio. To get started, could you please provide me with some information about yourself? This could include your name, profession, education, accomplishments, interests, and anything else you&#8217;d like to include in your bio.<\/p>\n\n\n\n<p class=\"has-custom-red-blaunt-color has-text-color has-link-color wp-elements-55429ba119d51ec56141de12e06dae7e\">YO<br>I&#8217;ll give you some texts I wrote in Spanish so you can have an idea of my writing style.<\/p>\n\n\n\n<p>ChatGPT<br>That sounds like a great idea! Please provide the texts you&#8217;ve written in Spanish, and I&#8217;ll use them to craft a bio for you.<\/p>\n\n\n\n<p class=\"has-custom-red-blaunt-color has-text-color has-link-color wp-elements-2c3d0b1532f8761f4b4e3f51db033645\">YO (<em>haciendo copy\/ paste del primer texto que tengo a mano<\/em>)<br>Una marca de alimentos enlatados que podr\u00eda haber cautivado al consumidor norteamericano brind\u00e1ndoles las calidez y abundancia de la cocina italiana es rechazada de cuajo en importante concurso de dise\u00f1o.<br>Hace un tiempo uno de los temas de los concursos que organiza Spoonflower fue Vintage Canned Foods que podemos traducirlo como Comida enlatada viejuna. Siempre me fascin\u00f3 el modo en la que humanidad abraz\u00f3, all\u00e1 por los a\u00f1os 50 y 60 las ideas de practicidad, modernidad y progreso a trav\u00e9s de los alimentos enlatados. Y si algo contribuy\u00f3 al rotundo triunfo de la libertad enlatada sobre el avasallante yugo de la pela de hortalizas frescas a mano creo que fue la publicidad de la \u00e9poca que alentaba, a trav\u00e9s de las m\u00e1s tentadoras ilustraciones de platos, la creaci\u00f3n de estupendos banquetes en cuesti\u00f3n de minutos.<br>As\u00ed fue como se me ocurri\u00f3 la idea de una marca de alimentos enlatados que podr\u00eda haber cautivado al consumidor norteamericano brind\u00e1ndoles las calidez y abundancia de la cocina italiana. Lo primero que me vino a la mente fue el salame enlatado, por la propia forma cil\u00edndrica de los salames, nada mejor que meterlos en una lata y para que el deleite comience ni bien se abra la lata, \u00bfpor qu\u00e9 no hacer que ya venga cortado en rodajas? De ahi surge la imagen del cuchillito \u201csliceando\u201d al salame y, ya que estamos, tambi\u00e9n el texto. Un recurso gr\u00e1fico barato y manido hasta el hartazgo aunque novedoso si nos ubicamos en la \u00e9poca en que la publicidad hubiera aparecido en diarios y revistas.<\/p>\n\n\n\n<p>ChatGPT<br>Bas\u00e1ndome en el texto que has proporcionado, aqu\u00ed tienes una bio que refleja tu inter\u00e9s en la historia de la publicidad de alimentos enlatados y tu creatividad en la conceptualizaci\u00f3n de una marca imaginaria:<\/p>\n\n\n\n<p>[Tu Nombre]<br>Apasionado de la creatividad y la historia de la publicidad, [Tu Nombre] encuentra inspiraci\u00f3n en la nostalgia y la est\u00e9tica vintage de los a\u00f1os 50 y 60. Su fascinaci\u00f3n por la forma en que la humanidad abraz\u00f3 la practicidad y el progreso a trav\u00e9s de los alimentos enlatados lo lleva a explorar la intersecci\u00f3n entre la cultura culinaria y el dise\u00f1o gr\u00e1fico.<br>Con una mente inquisitiva y un ojo agudo para los detalles, [Tu Nombre] se sumerge en proyectos que evocan la calidez y la abundancia de la cocina italiana a trav\u00e9s de una lente contempor\u00e1nea. Su visi\u00f3n creativa se manifiesta en la concepci\u00f3n de una marca ficticia de alimentos enlatados, donde el salame enlatado toma el centro del escenario. Al imaginar una experiencia sensorial que comienza desde el momento en que se abre la lata, [Tu Nombre] propone no solo la conveniencia de encontrar el salame ya cortado en rodajas, sino tambi\u00e9n la narrativa visual de un cuchillo &#8220;sliceando&#8221; h\u00e1bilmente la delicia italiana.<br>Con su habilidad para fusionar la nostalgia con la innovaci\u00f3n, [Tu Nombre] desaf\u00eda las convenciones y da vida a una campa\u00f1a publicitaria que habr\u00eda cautivado al consumidor norteamericano de mediados del siglo XX. Su enfoque creativo y su pasi\u00f3n por la narraci\u00f3n visual destacan su capacidad para transformar conceptos simples en experiencias visuales cautivadoras.<br>Ya sea explorando la historia de la publicidad o imaginando nuevas formas de presentar los alimentos enlatados, [Tu Nombre] contin\u00faa siendo un narrador visual apasionado y un pensador creativo comprometido con el arte de contar historias a trav\u00e9s del dise\u00f1o.<\/p>\n\n\n\n<p>Espero que esta bio capture tu esp\u00edritu creativo y tu inter\u00e9s en la historia de la publicidad de alimentos enlatados. \u00a1Si necesitas alg\u00fan ajuste o m\u00e1s informaci\u00f3n, no dudes en decirme!<\/p>\n\n\n\n<p class=\"has-custom-red-blaunt-color has-text-color has-link-color wp-elements-aee793e92d21eeea1421f5d8f1fa541c\">YO<br>\u00a1Muchas gracias!<\/p>\n\n\n\n<p>ChatGPT<br>\u00a1De nada! Si necesitas ayuda con algo m\u00e1s, no dudes en preguntar. \u00a1Estoy aqu\u00ed para ayudar!<\/p>\n\n\n\n<div class=\"wp-block-group has-global-padding is-content-justification-center is-layout-constrained wp-container-core-group-is-layout-2 wp-block-group-is-layout-constrained\" style=\"border-top-style:none;border-top-width:0px;margin-top:var(--wp--preset--spacing--40);padding-bottom:0\">\n<hr class=\"wp-block-separator has-alpha-channel-opacity is-style-wide\"\/>\n\n\n\n<div class=\"wp-block-columns is-layout-flex wp-container-core-columns-is-layout-1 wp-block-columns-is-layout-flex\" style=\"margin-bottom:var(--wp--preset--spacing--60)\">\n<div class=\"wp-block-column is-layout-flow wp-block-column-is-layout-flow\" style=\"flex-basis:100px\"><div style=\"margin-right:0;\" class=\"wp-block-avatar\"><img alt='Sergio Avatar' src='https:\/\/secure.gravatar.com\/avatar\/18270d8fe9ce1790858a270b0ef14512?s=96&#038;d=mm&#038;r=g' srcset='https:\/\/secure.gravatar.com\/avatar\/18270d8fe9ce1790858a270b0ef14512?s=192&#038;d=mm&#038;r=g 2x' class='avatar avatar-96 photo wp-block-avatar__image' height='96' width='96' \/><\/div><\/div>\n\n\n\n<div class=\"wp-block-column is-vertically-aligned-center is-layout-flow wp-block-column-is-layout-flow\" style=\"flex-basis:80%\">\n<div class=\"wp-block-group is-vertical is-layout-flex wp-container-core-group-is-layout-1 wp-block-group-is-layout-flex\"><div class=\"wp-block-post-author-name\"><a href=\"https:\/\/blaunt.ar\/index.php\/author\/raccoon\/\" target=\"_self\" class=\"wp-block-post-author-name__link\">Sergio<\/a><\/div>\n\n<\/div>\n<\/div>\n<\/div>\n<\/div>\n<\/div>\n","protected":false},"excerpt":{"rendered":"<p>El hombre detr\u00e1s del mapache<\/p>\n","protected":false},"author":1,"featured_media":0,"parent":0,"menu_order":0,"comment_status":"closed","ping_status":"closed","template":"","meta":{"footnotes":""},"_links":{"self":[{"href":"https:\/\/blaunt.ar\/index.php\/wp-json\/wp\/v2\/pages\/331"}],"collection":[{"href":"https:\/\/blaunt.ar\/index.php\/wp-json\/wp\/v2\/pages"}],"about":[{"href":"https:\/\/blaunt.ar\/index.php\/wp-json\/wp\/v2\/types\/page"}],"author":[{"embeddable":true,"href":"https:\/\/blaunt.ar\/index.php\/wp-json\/wp\/v2\/users\/1"}],"replies":[{"embeddable":true,"href":"https:\/\/blaunt.ar\/index.php\/wp-json\/wp\/v2\/comments?post=331"}],"version-history":[{"count":15,"href":"https:\/\/blaunt.ar\/index.php\/wp-json\/wp\/v2\/pages\/331\/revisions"}],"predecessor-version":[{"id":1141,"href":"https:\/\/blaunt.ar\/index.php\/wp-json\/wp\/v2\/pages\/331\/revisions\/1141"}],"wp:attachment":[{"href":"https:\/\/blaunt.ar\/index.php\/wp-json\/wp\/v2\/media?parent=331"}],"curies":[{"name":"wp","href":"https:\/\/api.w.org\/{rel}","templated":true}]}}